{"id":7972,"date":"2020-12-01T16:59:36","date_gmt":"2020-12-01T15:59:36","guid":{"rendered":"https:\/\/my.livha.org\/?post_type=product&#038;p=7972"},"modified":"2021-06-13T23:43:49","modified_gmt":"2021-06-13T21:43:49","slug":"donation-libre-sepa","status":"publish","type":"product","link":"https:\/\/my.livha.org\/fr\/produit\/donation-libre-sepa\/","title":{"rendered":"Donation libre Sepa"},"content":{"rendered":"<p>Donation libre unique (montant entr\u00e9 par le donateur).<\/p>\n","protected":false},"excerpt":{"rendered":"<p>Vos dons contribuent \u00e0 soutenir et faire grandir le mouvement. Merci pour votre g\u00e9n\u00e9rosit\u00e9 et votre d\u00e9marche\u00a0<img data-opt-id=1521206089  fetchpriority=\"high\" decoding=\"async\" class=\"emoji\" role=\"img\" draggable=\"false\" src=\"https:\/\/s.w.org\/images\/core\/emoji\/13.0.0\/svg\/1f64f.svg\" alt=\"\ud83d\ude4f\" \/><\/p>\n","protected":false},"featured_media":11980,"template":"","meta":[],"product_brand":[],"product_cat":[185],"product_tag":[147],"class_list":{"0":"post-7972","1":"product","2":"type-product","3":"status-publish","4":"has-post-thumbnail","6":"product_cat-donation-sepa-fr","7":"product_tag-lang-fr","9":"first","10":"instock","11":"downloadable","12":"virtual","13":"purchasable","14":"product-type-simple"},"_links":{"self":[{"href":"https:\/\/my.livha.org\/fr\/wp-json\/wp\/v2\/product\/7972","targetHints":{"allow":["GET"]}}],"collection":[{"href":"https:\/\/my.livha.org\/fr\/wp-json\/wp\/v2\/product"}],"about":[{"href":"https:\/\/my.livha.org\/fr\/wp-json\/wp\/v2\/types\/product"}],"wp:featuredmedia":[{"embeddable":true,"href":"https:\/\/my.livha.org\/fr\/wp-json\/wp\/v2\/media\/11980"}],"wp:attachment":[{"href":"https:\/\/my.livha.org\/fr\/wp-json\/wp\/v2\/media?parent=7972"}],"wp:term":[{"taxonomy":"product_brand","embeddable":true,"href":"https:\/\/my.livha.org\/fr\/wp-json\/wp\/v2\/product_brand?post=7972"},{"taxonomy":"product_cat","embeddable":true,"href":"https:\/\/my.livha.org\/fr\/wp-json\/wp\/v2\/product_cat?post=7972"},{"taxonomy":"product_tag","embeddable":true,"href":"https:\/\/my.livha.org\/fr\/wp-json\/wp\/v2\/product_tag?post=7972"}],"curies":[{"name":"wp","href":"https:\/\/api.w.org\/{rel}","templated":true}]}}