{"id":41637,"date":"2025-11-08T12:20:52","date_gmt":"2025-11-08T11:20:52","guid":{"rendered":"https:\/\/my.livha.org\/?post_type=product&#038;p=41637"},"modified":"2025-11-08T12:26:09","modified_gmt":"2025-11-08T11:26:09","slug":"rencontre-par-internet-du-6-au-7-decembre-2025-participation-bienfaiteur","status":"publish","type":"product","link":"https:\/\/my.livha.org\/fr\/produit\/rencontre-par-internet-du-6-au-7-decembre-2025-participation-bienfaiteur\/","title":{"rendered":"Rencontre par internet du 6 au 7 d\u00e9cembre 2025 [participation bienfaiteur]"},"content":{"rendered":"","protected":false},"excerpt":{"rendered":"<p>[Participation bienfaiteur]<\/p>\n<p>Participation en direct \u00e0 la rencontre par internet du 6 au 7 d\u00e9cembre 2025.<\/p>\n<p>Vous aurez \u00e9galement acc\u00e8s \u00e0 la rediffusion de toutes les sessions.<\/p>\n","protected":false},"featured_media":18325,"template":"","meta":[],"product_brand":[],"product_cat":[249],"product_tag":[],"class_list":{"0":"post-41637","1":"product","2":"type-product","3":"status-publish","4":"has-post-thumbnail","6":"product_cat-evenement-fr","8":"first","9":"instock","10":"downloadable","11":"virtual","12":"taxable","13":"purchasable","14":"product-type-simple"},"_links":{"self":[{"href":"https:\/\/my.livha.org\/fr\/wp-json\/wp\/v2\/product\/41637","targetHints":{"allow":["GET"]}}],"collection":[{"href":"https:\/\/my.livha.org\/fr\/wp-json\/wp\/v2\/product"}],"about":[{"href":"https:\/\/my.livha.org\/fr\/wp-json\/wp\/v2\/types\/product"}],"wp:featuredmedia":[{"embeddable":true,"href":"https:\/\/my.livha.org\/fr\/wp-json\/wp\/v2\/media\/18325"}],"wp:attachment":[{"href":"https:\/\/my.livha.org\/fr\/wp-json\/wp\/v2\/media?parent=41637"}],"wp:term":[{"taxonomy":"product_brand","embeddable":true,"href":"https:\/\/my.livha.org\/fr\/wp-json\/wp\/v2\/product_brand?post=41637"},{"taxonomy":"product_cat","embeddable":true,"href":"https:\/\/my.livha.org\/fr\/wp-json\/wp\/v2\/product_cat?post=41637"},{"taxonomy":"product_tag","embeddable":true,"href":"https:\/\/my.livha.org\/fr\/wp-json\/wp\/v2\/product_tag?post=41637"}],"curies":[{"name":"wp","href":"https:\/\/api.w.org\/{rel}","templated":true}]}}