{"id":41636,"date":"2025-11-08T11:48:22","date_gmt":"2025-11-08T10:48:22","guid":{"rendered":"https:\/\/my.livha.org\/?post_type=product&#038;p=41636"},"modified":"2025-11-08T11:51:00","modified_gmt":"2025-11-08T10:51:00","slug":"rencontre-par-internet-du-6-au-7-decembre-2025-participation-diff-fin","status":"publish","type":"product","link":"https:\/\/my.livha.org\/fr\/produit\/rencontre-par-internet-du-6-au-7-decembre-2025-participation-diff-fin\/","title":{"rendered":"Rencontre par internet du 6 au 7 d\u00e9cembre 2025 [participation difficult\u00e9 financi\u00e8re]"},"content":{"rendered":"","protected":false},"excerpt":{"rendered":"<p>[Participation difficult\u00e9 financi\u00e8re]<\/p>\n<p>Participation en direct \u00e0 la rencontre par internet du 6 au 7 d\u00e9cembre 2025.<\/p>\n<p>Vous aurez \u00e9galement acc\u00e8s \u00e0 la rediffusion de toutes les sessions.<\/p>\n","protected":false},"featured_media":18325,"template":"","meta":[],"product_brand":[],"product_cat":[249],"product_tag":[],"class_list":{"0":"post-41636","1":"product","2":"type-product","3":"status-publish","4":"has-post-thumbnail","6":"product_cat-evenement-fr","8":"first","9":"instock","10":"downloadable","11":"virtual","12":"taxable","13":"purchasable","14":"product-type-simple"},"_links":{"self":[{"href":"https:\/\/my.livha.org\/fr\/wp-json\/wp\/v2\/product\/41636","targetHints":{"allow":["GET"]}}],"collection":[{"href":"https:\/\/my.livha.org\/fr\/wp-json\/wp\/v2\/product"}],"about":[{"href":"https:\/\/my.livha.org\/fr\/wp-json\/wp\/v2\/types\/product"}],"wp:featuredmedia":[{"embeddable":true,"href":"https:\/\/my.livha.org\/fr\/wp-json\/wp\/v2\/media\/18325"}],"wp:attachment":[{"href":"https:\/\/my.livha.org\/fr\/wp-json\/wp\/v2\/media?parent=41636"}],"wp:term":[{"taxonomy":"product_brand","embeddable":true,"href":"https:\/\/my.livha.org\/fr\/wp-json\/wp\/v2\/product_brand?post=41636"},{"taxonomy":"product_cat","embeddable":true,"href":"https:\/\/my.livha.org\/fr\/wp-json\/wp\/v2\/product_cat?post=41636"},{"taxonomy":"product_tag","embeddable":true,"href":"https:\/\/my.livha.org\/fr\/wp-json\/wp\/v2\/product_tag?post=41636"}],"curies":[{"name":"wp","href":"https:\/\/api.w.org\/{rel}","templated":true}]}}