{"id":40101,"date":"2024-11-08T15:32:36","date_gmt":"2024-11-08T14:32:36","guid":{"rendered":"https:\/\/my.livha.org\/?post_type=product&#038;p=40101"},"modified":"2024-11-08T15:41:29","modified_gmt":"2024-11-08T14:41:29","slug":"rencontre-par-internet-du-13-au-15-decembre-2024-participation-normale","status":"publish","type":"product","link":"https:\/\/my.livha.org\/fr\/produit\/rencontre-par-internet-du-13-au-15-decembre-2024-participation-normale\/","title":{"rendered":"Rencontre par internet du 13 au 15 d\u00e9cembre 2024 [participation normale]"},"content":{"rendered":"","protected":false},"excerpt":{"rendered":"<p>[Participation normale]<\/p>\n<p>Participation en direct \u00e0 la rencontre par internet avec Meriam &#8220;la Lumi\u00e8re que nous sommes&#8221;, du 13 au 15 d\u00e9cembre 2024.<\/p>\n<p>Vous aurez \u00e9galement acc\u00e8s \u00e0 la rediffusion de toutes les sessions.<\/p>\n","protected":false},"featured_media":40102,"template":"","meta":[],"product_brand":[],"product_cat":[249],"product_tag":[],"class_list":{"0":"post-40101","1":"product","2":"type-product","3":"status-publish","4":"has-post-thumbnail","6":"product_cat-evenement-fr","8":"first","9":"instock","10":"downloadable","11":"virtual","12":"taxable","13":"purchasable","14":"product-type-simple"},"_links":{"self":[{"href":"https:\/\/my.livha.org\/fr\/wp-json\/wp\/v2\/product\/40101","targetHints":{"allow":["GET"]}}],"collection":[{"href":"https:\/\/my.livha.org\/fr\/wp-json\/wp\/v2\/product"}],"about":[{"href":"https:\/\/my.livha.org\/fr\/wp-json\/wp\/v2\/types\/product"}],"wp:featuredmedia":[{"embeddable":true,"href":"https:\/\/my.livha.org\/fr\/wp-json\/wp\/v2\/media\/40102"}],"wp:attachment":[{"href":"https:\/\/my.livha.org\/fr\/wp-json\/wp\/v2\/media?parent=40101"}],"wp:term":[{"taxonomy":"product_brand","embeddable":true,"href":"https:\/\/my.livha.org\/fr\/wp-json\/wp\/v2\/product_brand?post=40101"},{"taxonomy":"product_cat","embeddable":true,"href":"https:\/\/my.livha.org\/fr\/wp-json\/wp\/v2\/product_cat?post=40101"},{"taxonomy":"product_tag","embeddable":true,"href":"https:\/\/my.livha.org\/fr\/wp-json\/wp\/v2\/product_tag?post=40101"}],"curies":[{"name":"wp","href":"https:\/\/api.w.org\/{rel}","templated":true}]}}