{"id":38440,"date":"2023-12-21T12:49:11","date_gmt":"2023-12-21T11:49:11","guid":{"rendered":"https:\/\/my.livha.org\/?post_type=product&#038;p=38440"},"modified":"2023-12-21T15:52:47","modified_gmt":"2023-12-21T14:52:47","slug":"don-meditations-12jours-2024","status":"publish","type":"product","link":"https:\/\/my.livha.org\/fr\/produit\/don-meditations-12jours-2024\/","title":{"rendered":"Donation en conscience pour le partage des m\u00e9ditations de janvier 2024"},"content":{"rendered":"","protected":false},"excerpt":{"rendered":"<p>Donation en conscience (montant entr\u00e9 par le donateur).<\/p>\n<p>Vos dons contribuent \u00e0 permettre cet \u00e9v\u00e9nement et \u00e0 faire grandir le mouvement. Merci pour votre g\u00e9n\u00e9rosit\u00e9 et votre d\u00e9marche <img data-opt-id=1521206089  fetchpriority=\"high\" decoding=\"async\" class=\"emoji\" role=\"img\" draggable=\"false\" src=\"https:\/\/s.w.org\/images\/core\/emoji\/13.0.0\/svg\/1f64f.svg\" alt=\"\ud83d\ude4f\" \/> \ud83d\udc9b<\/p>\n","protected":false},"featured_media":11980,"template":"","meta":[],"product_brand":[],"product_cat":[184,185],"product_tag":[147],"class_list":{"0":"post-38440","1":"product","2":"type-product","3":"status-publish","4":"has-post-thumbnail","6":"product_cat-donation-fr","7":"product_cat-donation-sepa-fr","8":"product_tag-lang-fr","10":"first","11":"instock","12":"downloadable","13":"virtual","14":"purchasable","15":"product-type-simple"},"_links":{"self":[{"href":"https:\/\/my.livha.org\/fr\/wp-json\/wp\/v2\/product\/38440","targetHints":{"allow":["GET"]}}],"collection":[{"href":"https:\/\/my.livha.org\/fr\/wp-json\/wp\/v2\/product"}],"about":[{"href":"https:\/\/my.livha.org\/fr\/wp-json\/wp\/v2\/types\/product"}],"wp:featuredmedia":[{"embeddable":true,"href":"https:\/\/my.livha.org\/fr\/wp-json\/wp\/v2\/media\/11980"}],"wp:attachment":[{"href":"https:\/\/my.livha.org\/fr\/wp-json\/wp\/v2\/media?parent=38440"}],"wp:term":[{"taxonomy":"product_brand","embeddable":true,"href":"https:\/\/my.livha.org\/fr\/wp-json\/wp\/v2\/product_brand?post=38440"},{"taxonomy":"product_cat","embeddable":true,"href":"https:\/\/my.livha.org\/fr\/wp-json\/wp\/v2\/product_cat?post=38440"},{"taxonomy":"product_tag","embeddable":true,"href":"https:\/\/my.livha.org\/fr\/wp-json\/wp\/v2\/product_tag?post=38440"}],"curies":[{"name":"wp","href":"https:\/\/api.w.org\/{rel}","templated":true}]}}