{"id":37907,"date":"2023-09-12T14:23:38","date_gmt":"2023-09-12T12:23:38","guid":{"rendered":"https:\/\/my.livha.org\/?post_type=product&#038;p=37907"},"modified":"2023-09-12T14:33:39","modified_gmt":"2023-09-12T12:33:39","slug":"retraite-du-2-au-5-novembre-2023-participation-bienfaiteur","status":"publish","type":"product","link":"https:\/\/my.livha.org\/fr\/produit\/retraite-du-2-au-5-novembre-2023-participation-bienfaiteur\/","title":{"rendered":"Retraite du 2 au 5 novembre 2023 [participation bienfaiteur]"},"content":{"rendered":"","protected":false},"excerpt":{"rendered":"<p><strong>= 420\u20ac ou +, tva fran\u00e7aise incluse<\/strong> [Participation bienfaiteur]<\/p>\n<p>Participation \u00e0 la retraite en avec Quentin du 2 au 6 novembre.<\/p>\n<p>Remarque : le r\u00e9glement du logement et des repas se fera sur place \u00e0 votre arriv\u00e9e, en esp\u00e8ces ou par ch\u00e8que (ou par virement pr\u00e9alable pour les repas).<\/p>\n","protected":false},"featured_media":29822,"template":"","meta":[],"product_brand":[],"product_cat":[249],"product_tag":[],"class_list":{"0":"post-37907","1":"product","2":"type-product","3":"status-publish","4":"has-post-thumbnail","6":"product_cat-evenement-fr","8":"first","9":"instock","10":"downloadable","11":"virtual","12":"taxable","13":"purchasable","14":"product-type-simple"},"_links":{"self":[{"href":"https:\/\/my.livha.org\/fr\/wp-json\/wp\/v2\/product\/37907","targetHints":{"allow":["GET"]}}],"collection":[{"href":"https:\/\/my.livha.org\/fr\/wp-json\/wp\/v2\/product"}],"about":[{"href":"https:\/\/my.livha.org\/fr\/wp-json\/wp\/v2\/types\/product"}],"wp:featuredmedia":[{"embeddable":true,"href":"https:\/\/my.livha.org\/fr\/wp-json\/wp\/v2\/media\/29822"}],"wp:attachment":[{"href":"https:\/\/my.livha.org\/fr\/wp-json\/wp\/v2\/media?parent=37907"}],"wp:term":[{"taxonomy":"product_brand","embeddable":true,"href":"https:\/\/my.livha.org\/fr\/wp-json\/wp\/v2\/product_brand?post=37907"},{"taxonomy":"product_cat","embeddable":true,"href":"https:\/\/my.livha.org\/fr\/wp-json\/wp\/v2\/product_cat?post=37907"},{"taxonomy":"product_tag","embeddable":true,"href":"https:\/\/my.livha.org\/fr\/wp-json\/wp\/v2\/product_tag?post=37907"}],"curies":[{"name":"wp","href":"https:\/\/api.w.org\/{rel}","templated":true}]}}