{"id":37586,"date":"2023-07-24T13:12:47","date_gmt":"2023-07-24T11:12:47","guid":{"rendered":"https:\/\/my.livha.org\/?post_type=product&#038;p=37586"},"modified":"2023-07-24T15:35:29","modified_gmt":"2023-07-24T13:35:29","slug":"les-portes-sur-lenseignement-damour-et-de-lumiere-diffuse-par-quentin-participation-bienfaiteur","status":"publish","type":"product","link":"https:\/\/my.livha.org\/fr\/produit\/les-portes-sur-lenseignement-damour-et-de-lumiere-diffuse-par-quentin-participation-bienfaiteur\/","title":{"rendered":"Les Portes sur l&#8217;enseignement d&#8217;Amour et de Lumi\u00e8re diffus\u00e9 par Quentin [Participation bienfaiteur]"},"content":{"rendered":"","protected":false},"excerpt":{"rendered":"<p>[Participation bienfaiteur]<\/p>\n<p>Acc\u00e8s au cours : &#8220;Les Portes sur l&#8217;enseignement d&#8217;Amour et de Lumi\u00e8re diffus\u00e9 par Quentin&#8221;<\/p>\n","protected":false},"featured_media":37565,"template":"","meta":[],"product_brand":[],"product_cat":[248],"product_tag":[],"class_list":{"0":"post-37586","1":"product","2":"type-product","3":"status-publish","4":"has-post-thumbnail","6":"product_cat-cours-fr","8":"first","9":"instock","10":"downloadable","11":"virtual","12":"taxable","13":"purchasable","14":"product-type-simple"},"_links":{"self":[{"href":"https:\/\/my.livha.org\/fr\/wp-json\/wp\/v2\/product\/37586","targetHints":{"allow":["GET"]}}],"collection":[{"href":"https:\/\/my.livha.org\/fr\/wp-json\/wp\/v2\/product"}],"about":[{"href":"https:\/\/my.livha.org\/fr\/wp-json\/wp\/v2\/types\/product"}],"wp:featuredmedia":[{"embeddable":true,"href":"https:\/\/my.livha.org\/fr\/wp-json\/wp\/v2\/media\/37565"}],"wp:attachment":[{"href":"https:\/\/my.livha.org\/fr\/wp-json\/wp\/v2\/media?parent=37586"}],"wp:term":[{"taxonomy":"product_brand","embeddable":true,"href":"https:\/\/my.livha.org\/fr\/wp-json\/wp\/v2\/product_brand?post=37586"},{"taxonomy":"product_cat","embeddable":true,"href":"https:\/\/my.livha.org\/fr\/wp-json\/wp\/v2\/product_cat?post=37586"},{"taxonomy":"product_tag","embeddable":true,"href":"https:\/\/my.livha.org\/fr\/wp-json\/wp\/v2\/product_tag?post=37586"}],"curies":[{"name":"wp","href":"https:\/\/api.w.org\/{rel}","templated":true}]}}