{"id":34818,"date":"2023-01-12T11:25:48","date_gmt":"2023-01-12T10:25:48","guid":{"rendered":"https:\/\/my.livha.org\/?post_type=product&#038;p=34818"},"modified":"2023-01-12T11:44:28","modified_gmt":"2023-01-12T10:44:28","slug":"donation-libre-mensuelle-sepa","status":"publish","type":"product","link":"https:\/\/my.livha.org\/fr\/produit\/donation-libre-mensuelle-sepa\/","title":{"rendered":"Donation libre mensuelle (Sepa)"},"content":{"rendered":"","protected":false},"excerpt":{"rendered":"<p>Vos dons contribuent \u00e0 soutenir et faire grandir le mouvement. Merci pour votre g\u00e9n\u00e9rosit\u00e9 et votre d\u00e9marche \ud83d\ude4f<\/p>\n","protected":false},"featured_media":34827,"template":"","meta":[],"product_brand":[],"product_cat":[227,185],"product_tag":[147],"class_list":{"0":"post-34818","1":"product","2":"type-product","3":"status-publish","4":"has-post-thumbnail","6":"product_cat-donation-abonnement-sepa-fr","7":"product_cat-donation-sepa-fr","8":"product_tag-lang-fr","10":"first","11":"instock","12":"downloadable","13":"virtual","14":"purchasable","15":"product-type-simple"},"_links":{"self":[{"href":"https:\/\/my.livha.org\/fr\/wp-json\/wp\/v2\/product\/34818","targetHints":{"allow":["GET"]}}],"collection":[{"href":"https:\/\/my.livha.org\/fr\/wp-json\/wp\/v2\/product"}],"about":[{"href":"https:\/\/my.livha.org\/fr\/wp-json\/wp\/v2\/types\/product"}],"wp:featuredmedia":[{"embeddable":true,"href":"https:\/\/my.livha.org\/fr\/wp-json\/wp\/v2\/media\/34827"}],"wp:attachment":[{"href":"https:\/\/my.livha.org\/fr\/wp-json\/wp\/v2\/media?parent=34818"}],"wp:term":[{"taxonomy":"product_brand","embeddable":true,"href":"https:\/\/my.livha.org\/fr\/wp-json\/wp\/v2\/product_brand?post=34818"},{"taxonomy":"product_cat","embeddable":true,"href":"https:\/\/my.livha.org\/fr\/wp-json\/wp\/v2\/product_cat?post=34818"},{"taxonomy":"product_tag","embeddable":true,"href":"https:\/\/my.livha.org\/fr\/wp-json\/wp\/v2\/product_tag?post=34818"}],"curies":[{"name":"wp","href":"https:\/\/api.w.org\/{rel}","templated":true}]}}