{"id":29821,"date":"2022-07-23T19:51:50","date_gmt":"2022-07-23T17:51:50","guid":{"rendered":"https:\/\/my.livha.org\/?post_type=product&#038;p=29821"},"modified":"2022-07-23T22:29:34","modified_gmt":"2022-07-23T20:29:34","slug":"acces-a-lenregistrement-de-la-rencontre-de-grenoble","status":"publish","type":"product","link":"https:\/\/my.livha.org\/fr\/produit\/acces-a-lenregistrement-de-la-rencontre-de-grenoble\/","title":{"rendered":"Acc\u00e8s \u00e0 l&#8217;enregistrement de la rencontre de Grenoble"},"content":{"rendered":"<p>Pour acc\u00e9der aux enregistrements, nous vous proposons d&#8217;effectuer une participation de 77\u20ac (+tva) mais vous pouvez aussi donner plus si vous le souhaitez, afin de soutenir les diff\u00e9rentes activit\u00e9s de l&#8217;association.<\/p>\n","protected":false},"excerpt":{"rendered":"<p>Pour acc\u00e9der aux enregistrements, nous vous proposons d&#8217;effectuer une participation de 77\u20ac (+tva) mais vous pouvez aussi donner plus si vous le souhaitez, afin de soutenir les diff\u00e9rentes activit\u00e9s de l&#8217;association.<\/p>\n","protected":false},"featured_media":29822,"template":"","meta":[],"product_brand":[],"product_cat":[249],"product_tag":[],"class_list":{"0":"post-29821","1":"product","2":"type-product","3":"status-publish","4":"has-post-thumbnail","6":"product_cat-evenement-fr","8":"first","9":"instock","10":"downloadable","11":"virtual","12":"taxable","13":"purchasable","14":"product-type-simple"},"_links":{"self":[{"href":"https:\/\/my.livha.org\/fr\/wp-json\/wp\/v2\/product\/29821","targetHints":{"allow":["GET"]}}],"collection":[{"href":"https:\/\/my.livha.org\/fr\/wp-json\/wp\/v2\/product"}],"about":[{"href":"https:\/\/my.livha.org\/fr\/wp-json\/wp\/v2\/types\/product"}],"wp:featuredmedia":[{"embeddable":true,"href":"https:\/\/my.livha.org\/fr\/wp-json\/wp\/v2\/media\/29822"}],"wp:attachment":[{"href":"https:\/\/my.livha.org\/fr\/wp-json\/wp\/v2\/media?parent=29821"}],"wp:term":[{"taxonomy":"product_brand","embeddable":true,"href":"https:\/\/my.livha.org\/fr\/wp-json\/wp\/v2\/product_brand?post=29821"},{"taxonomy":"product_cat","embeddable":true,"href":"https:\/\/my.livha.org\/fr\/wp-json\/wp\/v2\/product_cat?post=29821"},{"taxonomy":"product_tag","embeddable":true,"href":"https:\/\/my.livha.org\/fr\/wp-json\/wp\/v2\/product_tag?post=29821"}],"curies":[{"name":"wp","href":"https:\/\/api.w.org\/{rel}","templated":true}]}}