{"id":29755,"date":"2022-07-21T00:59:15","date_gmt":"2022-07-20T22:59:15","guid":{"rendered":"https:\/\/my.livha.org\/?post_type=product&#038;p=29755"},"modified":"2022-07-21T01:03:23","modified_gmt":"2022-07-20T23:03:23","slug":"rencontre-par-internet-du-19-au-21-aout-2022-participation-bienfaiteur","status":"publish","type":"product","link":"https:\/\/my.livha.org\/fr\/produit\/rencontre-par-internet-du-19-au-21-aout-2022-participation-bienfaiteur\/","title":{"rendered":"Rencontre par internet du 19 au 21 ao\u00fbt 2022 [participation bienfaiteur]"},"content":{"rendered":"","protected":false},"excerpt":{"rendered":"<p>[Participation bienfaiteur]<\/p>\n<p>Participation en direct \u00e0 la rencontre par internet du 19 au 21 ao\u00fbt 2022.<\/p>\n<p>Vous aurez \u00e9galement acc\u00e8s \u00e0 la rediffusion de toutes les sessions.<\/p>\n","protected":false},"featured_media":18315,"template":"","meta":[],"product_brand":[],"product_cat":[249],"product_tag":[],"class_list":{"0":"post-29755","1":"product","2":"type-product","3":"status-publish","4":"has-post-thumbnail","6":"product_cat-evenement-fr","8":"first","9":"instock","10":"downloadable","11":"virtual","12":"taxable","13":"purchasable","14":"product-type-simple"},"_links":{"self":[{"href":"https:\/\/my.livha.org\/fr\/wp-json\/wp\/v2\/product\/29755","targetHints":{"allow":["GET"]}}],"collection":[{"href":"https:\/\/my.livha.org\/fr\/wp-json\/wp\/v2\/product"}],"about":[{"href":"https:\/\/my.livha.org\/fr\/wp-json\/wp\/v2\/types\/product"}],"wp:featuredmedia":[{"embeddable":true,"href":"https:\/\/my.livha.org\/fr\/wp-json\/wp\/v2\/media\/18315"}],"wp:attachment":[{"href":"https:\/\/my.livha.org\/fr\/wp-json\/wp\/v2\/media?parent=29755"}],"wp:term":[{"taxonomy":"product_brand","embeddable":true,"href":"https:\/\/my.livha.org\/fr\/wp-json\/wp\/v2\/product_brand?post=29755"},{"taxonomy":"product_cat","embeddable":true,"href":"https:\/\/my.livha.org\/fr\/wp-json\/wp\/v2\/product_cat?post=29755"},{"taxonomy":"product_tag","embeddable":true,"href":"https:\/\/my.livha.org\/fr\/wp-json\/wp\/v2\/product_tag?post=29755"}],"curies":[{"name":"wp","href":"https:\/\/api.w.org\/{rel}","templated":true}]}}