{"id":29753,"date":"2022-07-21T00:53:04","date_gmt":"2022-07-20T22:53:04","guid":{"rendered":"https:\/\/my.livha.org\/?post_type=product&#038;p=29753"},"modified":"2022-07-21T00:55:51","modified_gmt":"2022-07-20T22:55:51","slug":"rencontre-par-internet-du-19-au-21-aout-2022-participation-normale","status":"publish","type":"product","link":"https:\/\/my.livha.org\/fr\/produit\/rencontre-par-internet-du-19-au-21-aout-2022-participation-normale\/","title":{"rendered":"Rencontre par internet du 19 au 21 ao\u00fbt 2022 [participation normale]"},"content":{"rendered":"","protected":false},"excerpt":{"rendered":"<p>[Participation normale]<\/p>\n<p>Participation en direct \u00e0 la rencontre par internet du 19 au 21 ao\u00fbt 2022.<\/p>\n<p>Vous aurez \u00e9galement acc\u00e8s \u00e0 la rediffusion de toutes les sessions.<\/p>\n","protected":false},"featured_media":18325,"template":"","meta":[],"product_brand":[],"product_cat":[249],"product_tag":[],"class_list":{"0":"post-29753","1":"product","2":"type-product","3":"status-publish","4":"has-post-thumbnail","6":"product_cat-evenement-fr","8":"first","9":"instock","10":"downloadable","11":"virtual","12":"taxable","13":"purchasable","14":"product-type-simple"},"_links":{"self":[{"href":"https:\/\/my.livha.org\/fr\/wp-json\/wp\/v2\/product\/29753","targetHints":{"allow":["GET"]}}],"collection":[{"href":"https:\/\/my.livha.org\/fr\/wp-json\/wp\/v2\/product"}],"about":[{"href":"https:\/\/my.livha.org\/fr\/wp-json\/wp\/v2\/types\/product"}],"wp:featuredmedia":[{"embeddable":true,"href":"https:\/\/my.livha.org\/fr\/wp-json\/wp\/v2\/media\/18325"}],"wp:attachment":[{"href":"https:\/\/my.livha.org\/fr\/wp-json\/wp\/v2\/media?parent=29753"}],"wp:term":[{"taxonomy":"product_brand","embeddable":true,"href":"https:\/\/my.livha.org\/fr\/wp-json\/wp\/v2\/product_brand?post=29753"},{"taxonomy":"product_cat","embeddable":true,"href":"https:\/\/my.livha.org\/fr\/wp-json\/wp\/v2\/product_cat?post=29753"},{"taxonomy":"product_tag","embeddable":true,"href":"https:\/\/my.livha.org\/fr\/wp-json\/wp\/v2\/product_tag?post=29753"}],"curies":[{"name":"wp","href":"https:\/\/api.w.org\/{rel}","templated":true}]}}