{"id":11314,"date":"2021-06-07T22:14:53","date_gmt":"2021-06-07T20:14:53","guid":{"rendered":"https:\/\/my.livha.org\/?post_type=product&#038;p=11314"},"modified":"2024-01-15T13:14:59","modified_gmt":"2024-01-15T12:14:59","slug":"faire-un-don-projet-portugal","status":"publish","type":"product","link":"https:\/\/my.livha.org\/fr\/produit\/faire-un-don-projet-portugal\/","title":{"rendered":"Soutenir le projet Terra Livha au Portugal"},"content":{"rendered":"","protected":false},"excerpt":{"rendered":"<p>Donation libre unique (montant entr\u00e9 par le donateur). Ce don est d\u00e9di\u00e9 enti\u00e8rement au projet Terra Livha au Portugal.<\/p>\n<p>Ce projet est le fruit d\u2019une co-cr\u00e9ation et est rendu possible par votre participation et vos contributions.\u00a0 Merci pour votre g\u00e9n\u00e9rosit\u00e9 <img data-opt-id=1521206089  fetchpriority=\"high\" decoding=\"async\" class=\"emoji\" role=\"img\" draggable=\"false\" src=\"https:\/\/s.w.org\/images\/core\/emoji\/13.0.0\/svg\/1f64f.svg\" alt=\"\ud83d\ude4f\" \/> \ud83d\udc9b<\/p>\n","protected":false},"featured_media":38550,"template":"","meta":[],"product_brand":[],"product_cat":[184],"product_tag":[147],"class_list":{"0":"post-11314","1":"product","2":"type-product","3":"status-publish","4":"has-post-thumbnail","6":"product_cat-donation-fr","7":"product_tag-lang-fr","9":"first","10":"instock","11":"downloadable","12":"virtual","13":"purchasable","14":"product-type-simple"},"_links":{"self":[{"href":"https:\/\/my.livha.org\/fr\/wp-json\/wp\/v2\/product\/11314","targetHints":{"allow":["GET"]}}],"collection":[{"href":"https:\/\/my.livha.org\/fr\/wp-json\/wp\/v2\/product"}],"about":[{"href":"https:\/\/my.livha.org\/fr\/wp-json\/wp\/v2\/types\/product"}],"wp:featuredmedia":[{"embeddable":true,"href":"https:\/\/my.livha.org\/fr\/wp-json\/wp\/v2\/media\/38550"}],"wp:attachment":[{"href":"https:\/\/my.livha.org\/fr\/wp-json\/wp\/v2\/media?parent=11314"}],"wp:term":[{"taxonomy":"product_brand","embeddable":true,"href":"https:\/\/my.livha.org\/fr\/wp-json\/wp\/v2\/product_brand?post=11314"},{"taxonomy":"product_cat","embeddable":true,"href":"https:\/\/my.livha.org\/fr\/wp-json\/wp\/v2\/product_cat?post=11314"},{"taxonomy":"product_tag","embeddable":true,"href":"https:\/\/my.livha.org\/fr\/wp-json\/wp\/v2\/product_tag?post=11314"}],"curies":[{"name":"wp","href":"https:\/\/api.w.org\/{rel}","templated":true}]}}