{"id":11271,"date":"2021-06-07T14:08:47","date_gmt":"2021-06-07T12:08:47","guid":{"rendered":"https:\/\/my.livha.org\/?post_type=product&#038;p=11271"},"modified":"2021-06-07T15:30:47","modified_gmt":"2021-06-07T13:30:47","slug":"eclairer-son-coeur-et-son-esprit-avec-la-priere-partnormale","status":"publish","type":"product","link":"https:\/\/my.livha.org\/fr\/produit\/eclairer-son-coeur-et-son-esprit-avec-la-priere-partnormale\/","title":{"rendered":"Eclairer son c\u0153ur et son esprit avec la Pri\u00e8re"},"content":{"rendered":"","protected":false},"excerpt":{"rendered":"<p>[Participation normale]<\/p>\n<p>Cours d\u00e9di\u00e9 \u00e0 la pri\u00e8re : &#8220;Une pratique de la Pri\u00e8re directe, pour revenir \u00e0 l\u2019instant pr\u00e9sent. D\u00e9couvrez son essence pour vous relier au c\u0153ur de vous-m\u00eame.&#8221;<\/p>\n","protected":false},"featured_media":11272,"template":"","meta":[],"product_brand":[],"product_cat":[248],"product_tag":[],"class_list":{"0":"post-11271","1":"product","2":"type-product","3":"status-publish","4":"has-post-thumbnail","6":"product_cat-cours-fr","8":"first","9":"instock","10":"downloadable","11":"virtual","12":"taxable","13":"purchasable","14":"product-type-simple"},"_links":{"self":[{"href":"https:\/\/my.livha.org\/fr\/wp-json\/wp\/v2\/product\/11271","targetHints":{"allow":["GET"]}}],"collection":[{"href":"https:\/\/my.livha.org\/fr\/wp-json\/wp\/v2\/product"}],"about":[{"href":"https:\/\/my.livha.org\/fr\/wp-json\/wp\/v2\/types\/product"}],"wp:featuredmedia":[{"embeddable":true,"href":"https:\/\/my.livha.org\/fr\/wp-json\/wp\/v2\/media\/11272"}],"wp:attachment":[{"href":"https:\/\/my.livha.org\/fr\/wp-json\/wp\/v2\/media?parent=11271"}],"wp:term":[{"taxonomy":"product_brand","embeddable":true,"href":"https:\/\/my.livha.org\/fr\/wp-json\/wp\/v2\/product_brand?post=11271"},{"taxonomy":"product_cat","embeddable":true,"href":"https:\/\/my.livha.org\/fr\/wp-json\/wp\/v2\/product_cat?post=11271"},{"taxonomy":"product_tag","embeddable":true,"href":"https:\/\/my.livha.org\/fr\/wp-json\/wp\/v2\/product_tag?post=11271"}],"curies":[{"name":"wp","href":"https:\/\/api.w.org\/{rel}","templated":true}]}}