{"id":11269,"date":"2021-06-07T14:04:27","date_gmt":"2021-06-07T12:04:27","guid":{"rendered":"https:\/\/my.livha.org\/?post_type=product&#038;p=11269"},"modified":"2021-06-07T15:32:45","modified_gmt":"2021-06-07T13:32:45","slug":"initiation-a-la-connaissance-de-votre-chemin-de-vie-bienfaiteur","status":"publish","type":"product","link":"https:\/\/my.livha.org\/fr\/produit\/initiation-a-la-connaissance-de-votre-chemin-de-vie-bienfaiteur\/","title":{"rendered":"Initiation \u00e0 la connaissance de votre chemin de vie"},"content":{"rendered":"","protected":false},"excerpt":{"rendered":"<p>[Participation bienfaiteur]<\/p>\n<p>Cours d\u00e9di\u00e9 au chemin de vie : &#8220;Des cl\u00e9s de sagesse pour vivre heureux et transcender tous les aspects limitant de votre vie.&#8221;<\/p>\n","protected":false},"featured_media":11264,"template":"","meta":[],"product_brand":[],"product_cat":[248],"product_tag":[],"class_list":{"0":"post-11269","1":"product","2":"type-product","3":"status-publish","4":"has-post-thumbnail","6":"product_cat-cours-fr","8":"first","9":"instock","10":"downloadable","11":"virtual","12":"taxable","13":"purchasable","14":"product-type-simple"},"_links":{"self":[{"href":"https:\/\/my.livha.org\/fr\/wp-json\/wp\/v2\/product\/11269","targetHints":{"allow":["GET"]}}],"collection":[{"href":"https:\/\/my.livha.org\/fr\/wp-json\/wp\/v2\/product"}],"about":[{"href":"https:\/\/my.livha.org\/fr\/wp-json\/wp\/v2\/types\/product"}],"wp:featuredmedia":[{"embeddable":true,"href":"https:\/\/my.livha.org\/fr\/wp-json\/wp\/v2\/media\/11264"}],"wp:attachment":[{"href":"https:\/\/my.livha.org\/fr\/wp-json\/wp\/v2\/media?parent=11269"}],"wp:term":[{"taxonomy":"product_brand","embeddable":true,"href":"https:\/\/my.livha.org\/fr\/wp-json\/wp\/v2\/product_brand?post=11269"},{"taxonomy":"product_cat","embeddable":true,"href":"https:\/\/my.livha.org\/fr\/wp-json\/wp\/v2\/product_cat?post=11269"},{"taxonomy":"product_tag","embeddable":true,"href":"https:\/\/my.livha.org\/fr\/wp-json\/wp\/v2\/product_tag?post=11269"}],"curies":[{"name":"wp","href":"https:\/\/api.w.org\/{rel}","templated":true}]}}