{"id":11261,"date":"2021-06-07T13:56:01","date_gmt":"2021-06-07T11:56:01","guid":{"rendered":"https:\/\/my.livha.org\/?post_type=product&#038;p=11261"},"modified":"2021-06-07T15:35:01","modified_gmt":"2021-06-07T13:35:01","slug":"lamour-le-plus-grand-pouvoir-de-transformation-interieure-bienfaiteur","status":"publish","type":"product","link":"https:\/\/my.livha.org\/fr\/produit\/lamour-le-plus-grand-pouvoir-de-transformation-interieure-bienfaiteur\/","title":{"rendered":"L\u2019Amour, le plus grand pouvoir de transformation int\u00e9rieure"},"content":{"rendered":"","protected":false},"excerpt":{"rendered":"<p>[Participation bienfaiteur]<\/p>\n<p>Cours d\u00e9di\u00e9 \u00e0 l&#8217;Amour : &#8220;Trouver la source de l\u2019Amour est la porte sur ce que vous \u00eates vraiment qui est compl\u00e9tude, source de joie et de bonheur par nature.&#8221;<\/p>\n","protected":false},"featured_media":11256,"template":"","meta":[],"product_brand":[],"product_cat":[248],"product_tag":[],"class_list":{"0":"post-11261","1":"product","2":"type-product","3":"status-publish","4":"has-post-thumbnail","6":"product_cat-cours-fr","8":"first","9":"instock","10":"downloadable","11":"virtual","12":"taxable","13":"purchasable","14":"product-type-simple"},"_links":{"self":[{"href":"https:\/\/my.livha.org\/fr\/wp-json\/wp\/v2\/product\/11261","targetHints":{"allow":["GET"]}}],"collection":[{"href":"https:\/\/my.livha.org\/fr\/wp-json\/wp\/v2\/product"}],"about":[{"href":"https:\/\/my.livha.org\/fr\/wp-json\/wp\/v2\/types\/product"}],"wp:featuredmedia":[{"embeddable":true,"href":"https:\/\/my.livha.org\/fr\/wp-json\/wp\/v2\/media\/11256"}],"wp:attachment":[{"href":"https:\/\/my.livha.org\/fr\/wp-json\/wp\/v2\/media?parent=11261"}],"wp:term":[{"taxonomy":"product_brand","embeddable":true,"href":"https:\/\/my.livha.org\/fr\/wp-json\/wp\/v2\/product_brand?post=11261"},{"taxonomy":"product_cat","embeddable":true,"href":"https:\/\/my.livha.org\/fr\/wp-json\/wp\/v2\/product_cat?post=11261"},{"taxonomy":"product_tag","embeddable":true,"href":"https:\/\/my.livha.org\/fr\/wp-json\/wp\/v2\/product_tag?post=11261"}],"curies":[{"name":"wp","href":"https:\/\/api.w.org\/{rel}","templated":true}]}}